{"id":17,"date":"2007-06-04T16:59:46","date_gmt":"2007-06-04T14:59:46","guid":{"rendered":"http:\/\/www.juliettezara.net\/enfantissages\/index.php\/photos\/"},"modified":"2009-09-01T10:03:19","modified_gmt":"2009-09-01T08:03:19","slug":"photos","status":"publish","type":"page","link":"https:\/\/www.juliettezara.net\/enfantissages\/index.php\/photos\/","title":{"rendered":"Photos"},"content":{"rendered":"<p>Allez faire un tour sur mon photoblog <a href=\"http:\/\/www.juliettezara.net\/enfantissages\/CommeUneImage\/index.php\">&#8230;Comme une image<\/a> ou dans ma <a href=\"http:\/\/www.flickr.com\/photos\/enfantissages\/\">galerie Flickr<\/a>.<br \/>\nLes nouvelles photos y seront d\u00e9sormais archiv\u00e9es. Les commentaires sont les bienvenus. Les encouragements, \u00e7a fait du bien et les critiques constructives, \u00e7a aide \u00e0 progresser!<\/p>\n<p><a href=\"http:\/\/www.juliettezara.net\/enfantissages\/wp-content\/img_3104-1.jpg\" title=\"{photos2007} img_3104-1.jpg\"><img decoding=\"async\" src=\"http:\/\/www.juliettezara.net\/enfantissages\/wp-content\/img_3104-1.miniature.jpg\" alt=\"img_3104-1.jpg\" \/><\/a><a href=\"http:\/\/www.juliettezara.net\/enfantissages\/wp-content\/img_3011.jpg\" title=\"{photos2007} img_3011.jpg\"><img decoding=\"async\" src=\"http:\/\/www.juliettezara.net\/enfantissages\/wp-content\/img_3011.miniature.jpg\" alt=\"img_3011.jpg\" \/><\/a><a href=\"http:\/\/www.juliettezara.net\/enfantissages\/wp-content\/img_3116-1.jpg\" title=\"{photos2007} img_3116-1.jpg\"><img decoding=\"async\" src=\"http:\/\/www.juliettezara.net\/enfantissages\/wp-content\/img_3116-1.miniature.jpg\" alt=\"img_3116-1.jpg\" \/><\/a><a href=\"http:\/\/www.juliettezara.net\/enfantissages\/wp-content\/img_3096.jpg\" title=\"{photos2007} img_3096.jpg\"><img decoding=\"async\" src=\"http:\/\/www.juliettezara.net\/enfantissages\/wp-content\/img_3096.miniature.jpg\" alt=\"img_3096.jpg\" \/><\/a><a href=\"http:\/\/www.juliettezara.net\/enfantissages\/wp-content\/img_3262.jpg\" title=\"{photos2007} img_3262.jpg\"><img decoding=\"async\" src=\"http:\/\/www.juliettezara.net\/enfantissages\/wp-content\/img_3262.miniature.jpg\" alt=\"img_3262.jpg\" \/><\/a><a href=\"http:\/\/www.juliettezara.net\/enfantissages\/wp-content\/img_3069.jpg\" title=\"{photos2007} img_3069.jpg\"><img decoding=\"async\" src=\"http:\/\/www.juliettezara.net\/enfantissages\/wp-content\/img_3069.miniature.jpg\" alt=\"img_3069.jpg\" \/><\/a><a href=\"http:\/\/www.juliettezara.net\/enfantissages\/wp-content\/img_3105.jpg\" title=\"{photos2007} img_3105.jpg\"><img decoding=\"async\" src=\"http:\/\/www.juliettezara.net\/enfantissages\/wp-content\/img_3105.miniature.jpg\" alt=\"img_3105.jpg\" \/><\/a><a href=\"http:\/\/www.juliettezara.net\/enfantissages\/wp-content\/img_2831.jpg\" title=\"{photos2007} img_2831.jpg\"><img decoding=\"async\" src=\"http:\/\/www.juliettezara.net\/enfantissages\/wp-content\/img_2831.miniature.jpg\" alt=\"img_2831.jpg\" \/><\/a><a href=\"http:\/\/www.juliettezara.net\/enfantissages\/wp-content\/img_2516.jpg\" title=\"{photos2007} img_2516.jpg\"><img decoding=\"async\" src=\"http:\/\/www.juliettezara.net\/enfantissages\/wp-content\/img_2516.miniature.jpg\" alt=\"img_2516.jpg\" \/><\/a><a href=\"http:\/\/www.juliettezara.net\/enfantissages\/wp-content\/img_3449.jpg\" title=\"{photos2007} img_3449.jpg\"><img decoding=\"async\" src=\"http:\/\/www.juliettezara.net\/enfantissages\/wp-content\/img_3449.miniature.jpg\" alt=\"img_3449.jpg\" \/><\/a><a href=\"http:\/\/www.juliettezara.net\/enfantissages\/wp-content\/img_3580.jpg\" title=\"{photos2007} img_3580.jpg\"><img decoding=\"async\" src=\"http:\/\/www.juliettezara.net\/enfantissages\/wp-content\/img_3580.miniature.jpg\" alt=\"img_3580.jpg\" \/><\/a><a href=\"http:\/\/www.juliettezara.net\/enfantissages\/wp-content\/img_3583.jpg\" title=\"{photos2007} img_3583.jpg\"><img decoding=\"async\" src=\"http:\/\/www.juliettezara.net\/enfantissages\/wp-content\/img_3583.miniature.jpg\" alt=\"img_3583.jpg\" \/><\/a><a href=\"http:\/\/www.juliettezara.net\/enfantissages\/wp-content\/img_3584.jpg\" title=\"{photos2007} img_3584.jpg\"><img decoding=\"async\" src=\"http:\/\/www.juliettezara.net\/enfantissages\/wp-content\/img_3584.miniature.jpg\" alt=\"img_3584.jpg\" \/><\/a><a href=\"http:\/\/www.juliettezara.net\/enfantissages\/wp-content\/img_3111.jpg\" title=\"{photos2007} img_3111.jpg\"><img decoding=\"async\" src=\"http:\/\/www.juliettezara.net\/enfantissages\/wp-content\/img_3111.miniature.jpg\" alt=\"img_3111.jpg\" \/><\/a><a href=\"http:\/\/www.juliettezara.net\/enfantissages\/wp-content\/img_1427.jpg\" title=\"{photos2007} img_1427.jpg\"><img decoding=\"async\" src=\"http:\/\/www.juliettezara.net\/enfantissages\/wp-content\/img_1427.miniature.jpg\" alt=\"img_1427.jpg\" \/><\/a><a href=\"http:\/\/www.juliettezara.net\/enfantissages\/wp-content\/img_3847.jpg\" title=\"{photos2007} img_3847.jpg\"><img decoding=\"async\" src=\"http:\/\/www.juliettezara.net\/enfantissages\/wp-content\/img_3847.miniature.jpg\" alt=\"img_3847.jpg\" \/><\/a><a href=\"http:\/\/www.juliettezara.net\/enfantissages\/wp-content\/img_4662.jpg\" title=\"{photos2007} Sarong\"><img decoding=\"async\" src=\"http:\/\/www.juliettezara.net\/enfantissages\/wp-content\/img_4662.miniature.jpg\" alt=\"Sarong\" \/><\/a><a href=\"http:\/\/www.juliettezara.net\/enfantissages\/wp-content\/img_4763.jpg\" title=\"{photos2007} img_4763.jpg\"><img decoding=\"async\" src=\"http:\/\/www.juliettezara.net\/enfantissages\/wp-content\/img_4763.miniature.jpg\" alt=\"img_4763.jpg\" \/><\/a><a href=\"http:\/\/www.juliettezara.net\/enfantissages\/wp-content\/img_4764.jpg\" title=\"{photos2007} img_4764.jpg\"><img decoding=\"async\" src=\"http:\/\/www.juliettezara.net\/enfantissages\/wp-content\/img_4764.miniature.jpg\" alt=\"img_4764.jpg\" \/><\/a><a href=\"http:\/\/www.juliettezara.net\/enfantissages\/wp-content\/img_4765.jpg\" title=\"{photos2007} img_4765.jpg\"><img decoding=\"async\" src=\"http:\/\/www.juliettezara.net\/enfantissages\/wp-content\/img_4765.miniature.jpg\" alt=\"img_4765.jpg\" \/><\/a><a href=\"http:\/\/www.juliettezara.net\/enfantissages\/wp-content\/img_4777.jpg\" title=\"{photos2007} img_4777.jpg\"><img decoding=\"async\" src=\"http:\/\/www.juliettezara.net\/enfantissages\/wp-content\/img_4777.miniature.jpg\" alt=\"img_4777.jpg\" \/><\/a><a href=\"http:\/\/www.juliettezara.net\/enfantissages\/wp-content\/img_4779.jpg\" title=\"{photos2007} img_4779.jpg\"><img decoding=\"async\" src=\"http:\/\/www.juliettezara.net\/enfantissages\/wp-content\/img_4779.miniature.jpg\" alt=\"img_4779.jpg\" \/><\/a><a href=\"http:\/\/www.juliettezara.net\/enfantissages\/wp-content\/img_4782.jpg\" title=\"{photos2007} img_4782.jpg\"><img decoding=\"async\" src=\"http:\/\/www.juliettezara.net\/enfantissages\/wp-content\/img_4782.miniature.jpg\" alt=\"img_4782.jpg\" \/><\/a><a href=\"http:\/\/www.juliettezara.net\/enfantissages\/wp-content\/img_5138.jpg\" title=\"{photos2007} cr\u00e9puscule-1\"><img decoding=\"async\" src=\"http:\/\/www.juliettezara.net\/enfantissages\/wp-content\/img_5138.miniature.jpg\" alt=\"cr\u00e9puscule-1\" \/><\/a><a href=\"http:\/\/www.juliettezara.net\/enfantissages\/wp-content\/img_5139.jpg\" title=\"{photos2007} cr\u00e9puscule-2\"><img decoding=\"async\" src=\"http:\/\/www.juliettezara.net\/enfantissages\/wp-content\/img_5139.miniature.jpg\" alt=\"cr\u00e9puscule-2\" \/><\/a><a href=\"http:\/\/www.juliettezara.net\/enfantissages\/wp-content\/img_5143.jpg\" title=\"{photos2007} cr\u00e9puscule-3\"><img decoding=\"async\" src=\"http:\/\/www.juliettezara.net\/enfantissages\/wp-content\/img_5143.miniature.jpg\" alt=\"cr\u00e9puscule-3\" \/><\/a><a href=\"http:\/\/www.juliettezara.net\/enfantissages\/wp-content\/img_5146.jpg\" title=\"{photos2007} cr\u00e9puscule-4\"><img decoding=\"async\" src=\"http:\/\/www.juliettezara.net\/enfantissages\/wp-content\/img_5146.miniature.jpg\" alt=\"cr\u00e9puscule-4\" \/><\/a><a href=\"http:\/\/www.juliettezara.net\/enfantissages\/wp-content\/img_5132.jpg\" title=\"{photos2007} Fus\u00e9es\"><img decoding=\"async\" src=\"http:\/\/www.juliettezara.net\/enfantissages\/wp-content\/img_5132.miniature.jpg\" alt=\"Fus\u00e9es\" \/><\/a><a href=\"http:\/\/www.juliettezara.net\/enfantissages\/wp-content\/img_5133.jpg\" title=\"{photos2007} Timidement\"><img decoding=\"async\" src=\"http:\/\/www.juliettezara.net\/enfantissages\/wp-content\/img_5133.miniature.jpg\" alt=\"Timidement\" \/><\/a><a href=\"http:\/\/www.juliettezara.net\/enfantissages\/wp-content\/img_5259.jpg\" title=\"{photos2007} volubilis3\"><img decoding=\"async\" src=\"http:\/\/www.juliettezara.net\/enfantissages\/wp-content\/img_5259.miniature.jpg\" alt=\"volubilis3\" \/><\/a><a href=\"http:\/\/www.juliettezara.net\/enfantissages\/wp-content\/img_5253.jpg\" title=\"{photos2007} volubilis2\"><img decoding=\"async\" src=\"http:\/\/www.juliettezara.net\/enfantissages\/wp-content\/img_5253.miniature.jpg\" alt=\"volubilis2\" \/><\/a><a href=\"http:\/\/www.juliettezara.net\/enfantissages\/wp-content\/img_5252.jpg\" title=\"{photos2007} volubilis1\"><img decoding=\"async\" src=\"http:\/\/www.juliettezara.net\/enfantissages\/wp-content\/img_5252.miniature.jpg\" alt=\"volubilis1\" \/><\/a><\/p>\n<p><strong>Murs \u00e0 P\u00eaches sous la pluie<\/strong><br \/>\n<a href='http:\/\/www.juliettezara.net\/enfantissages\/index.php\/photos\/img_3380jpg\/' rel='attachment wp-att-36' title='img_3380.jpg'><img src='http:\/\/www.juliettezara.net\/enfantissages\/wp-content\/img_3380.miniature.jpg' alt='img_3380.jpg' \/><\/a><a href='http:\/\/www.juliettezara.net\/enfantissages\/index.php\/photos\/img_3381jpg\/' rel='attachment wp-att-37' title='img_3381.jpg'><img src='http:\/\/www.juliettezara.net\/enfantissages\/wp-content\/img_3381.miniature.jpg' alt='img_3381.jpg' \/><\/a><a href='http:\/\/www.juliettezara.net\/enfantissages\/index.php\/photos\/img_3382jpg\/' rel='attachment wp-att-38' title='img_3382.jpg'><img src='http:\/\/www.juliettezara.net\/enfantissages\/wp-content\/img_3382.miniature.jpg' alt='img_3382.jpg' \/><\/a><a href='http:\/\/www.juliettezara.net\/enfantissages\/index.php\/photos\/img_3384jpg\/' rel='attachment wp-att-39' title='img_3384.jpg'><img src='http:\/\/www.juliettezara.net\/enfantissages\/wp-content\/img_3384.miniature.jpg' alt='img_3384.jpg' \/><\/a><a href='http:\/\/www.juliettezara.net\/enfantissages\/index.php\/photos\/img_3385jpg\/' rel='attachment wp-att-40' title='img_3385.jpg'><img src='http:\/\/www.juliettezara.net\/enfantissages\/wp-content\/img_3385.miniature.jpg' alt='img_3385.jpg' \/><\/a><a href='http:\/\/www.juliettezara.net\/enfantissages\/index.php\/photos\/img_3388jpg\/' rel='attachment wp-att-41' title='img_3388.jpg'><img src='http:\/\/www.juliettezara.net\/enfantissages\/wp-content\/img_3388.miniature.jpg' alt='img_3388.jpg' \/><\/a><a href='http:\/\/www.juliettezara.net\/enfantissages\/index.php\/photos\/img_3390jpg\/' rel='attachment wp-att-42' title='img_3390.jpg'><img src='http:\/\/www.juliettezara.net\/enfantissages\/wp-content\/img_3390.miniature.jpg' alt='img_3390.jpg' \/><\/a><a href='http:\/\/www.juliettezara.net\/enfantissages\/index.php\/photos\/img_3391jpg\/' rel='attachment wp-att-43' title='img_3391.jpg'><img src='http:\/\/www.juliettezara.net\/enfantissages\/wp-content\/img_3391.miniature.jpg' alt='img_3391.jpg' \/><\/a><a href='http:\/\/www.juliettezara.net\/enfantissages\/index.php\/photos\/img_3392jpg\/' rel='attachment wp-att-44' title='img_3392.jpg'><img src='http:\/\/www.juliettezara.net\/enfantissages\/wp-content\/img_3392.miniature.jpg' alt='img_3392.jpg' \/><\/a><a href='http:\/\/www.juliettezara.net\/enfantissages\/index.php\/photos\/img_3393jpg\/' rel='attachment wp-att-45' title='img_3393.jpg'><img src='http:\/\/www.juliettezara.net\/enfantissages\/wp-content\/img_3393.miniature.jpg' alt='img_3393.jpg' \/><\/a><a href='http:\/\/www.juliettezara.net\/enfantissages\/index.php\/photos\/img_3395jpg\/' rel='attachment wp-att-46' title='img_3395.jpg'><img src='http:\/\/www.juliettezara.net\/enfantissages\/wp-content\/img_3395.miniature.jpg' alt='img_3395.jpg' \/><\/a><a href='http:\/\/www.juliettezara.net\/enfantissages\/index.php\/photos\/img_3397jpg\/' rel='attachment wp-att-47' title='img_3397.jpg'><img src='http:\/\/www.juliettezara.net\/enfantissages\/wp-content\/img_3397.miniature.jpg' alt='img_3397.jpg' \/><\/a><a href='http:\/\/www.juliettezara.net\/enfantissages\/index.php\/photos\/img_3401jpg\/' rel='attachment wp-att-49' title='img_3401.jpg'><img src='http:\/\/www.juliettezara.net\/enfantissages\/wp-content\/img_3401.miniature.jpg' alt='img_3401.jpg' \/><\/a><a href='http:\/\/www.juliettezara.net\/enfantissages\/index.php\/photos\/img_3403jpg\/' rel='attachment wp-att-50' title='img_3403.jpg'><img src='http:\/\/www.juliettezara.net\/enfantissages\/wp-content\/img_3403.miniature.jpg' alt='img_3403.jpg' \/><\/a><a href='http:\/\/www.juliettezara.net\/enfantissages\/index.php\/photos\/img_3405jpg\/' rel='attachment wp-att-51' title='img_3405.jpg'><img src='http:\/\/www.juliettezara.net\/enfantissages\/wp-content\/img_3405.miniature.jpg' alt='img_3405.jpg' \/><\/a><a href='http:\/\/www.juliettezara.net\/enfantissages\/index.php\/photos\/img_3406jpg\/' rel='attachment wp-att-52' title='img_3406.jpg'><img src='http:\/\/www.juliettezara.net\/enfantissages\/wp-content\/img_3406.miniature.jpg' alt='img_3406.jpg' \/><\/a><a href='http:\/\/www.juliettezara.net\/enfantissages\/index.php\/photos\/img_3413jpg\/' rel='attachment wp-att-53' title='img_3413.jpg'><img src='http:\/\/www.juliettezara.net\/enfantissages\/wp-content\/img_3413.miniature.jpg' alt='img_3413.jpg' \/><\/a><a href='http:\/\/www.juliettezara.net\/enfantissages\/index.php\/photos\/img_3414jpg\/' rel='attachment wp-att-54' title='img_3414.jpg'><img src='http:\/\/www.juliettezara.net\/enfantissages\/wp-content\/img_3414.miniature.jpg' alt='img_3414.jpg' \/><\/a><a href='http:\/\/www.juliettezara.net\/enfantissages\/index.php\/photos\/img_3415jpg\/' rel='attachment wp-att-35' title='img_3415.jpg'><img src='http:\/\/www.juliettezara.net\/enfantissages\/wp-content\/img_3415.miniature.jpg' alt='img_3415.jpg' \/><\/a><a href='http:\/\/www.juliettezara.net\/enfantissages\/index.php\/photos\/img_3398jpg\/' rel='attachment wp-att-48' title='img_3398.jpg'><img src='http:\/\/www.juliettezara.net\/enfantissages\/wp-content\/img_3398.miniature.jpg' alt='img_3398.jpg' \/><\/a><\/p>\n<p><strong>Jeublog: Ombre et lumi\u00e8re<\/strong><br \/>\n<a href=\"http:\/\/www.juliettezara.net\/enfantissages\/wp-content\/img_2291.jpg\" title=\"{jeublog} img_2291.jpg\"><img decoding=\"async\" src=\"http:\/\/www.juliettezara.net\/enfantissages\/wp-content\/img_2291.miniature.jpg\" alt=\"img_2291.jpg\" \/><\/a><a href=\"http:\/\/www.juliettezara.net\/enfantissages\/wp-content\/img_2721_2.jpg\" title=\"{jeublog} img_2721_2.jpg\"><img decoding=\"async\" src=\"http:\/\/www.juliettezara.net\/enfantissages\/wp-content\/img_2721_2.miniature.jpg\" alt=\"img_2721_2.jpg\" \/><\/a><a href=\"http:\/\/www.juliettezara.net\/enfantissages\/wp-content\/img_3716.jpg\" title=\"{jeublog} img_3716.jpg\"><img decoding=\"async\" src=\"http:\/\/www.juliettezara.net\/enfantissages\/wp-content\/img_3716.miniature.jpg\" alt=\"img_3716.jpg\" \/><\/a><a href=\"http:\/\/www.juliettezara.net\/enfantissages\/wp-content\/img_2287.jpg\" title=\"{jeublog} img_2287.jpg\"><img decoding=\"async\" src=\"http:\/\/www.juliettezara.net\/enfantissages\/wp-content\/img_2287.miniature.jpg\" alt=\"img_2287.jpg\" \/><\/a><br \/>\n<strong>Jeublog: Texture<\/strong><br \/>\n<a href=\"http:\/\/www.juliettezara.net\/enfantissages\/wp-content\/img_4345.jpg\" title=\"{jeublog} Feuille morte au coucher du soleil\"><img decoding=\"async\" src=\"http:\/\/www.juliettezara.net\/enfantissages\/wp-content\/img_4345.miniature.jpg\" alt=\"Feuille morte au coucher du soleil\" \/><\/a><a href=\"http:\/\/www.juliettezara.net\/enfantissages\/wp-content\/img_4327.jpg\" title=\"{jeublog} Lierre sur granit\"><img decoding=\"async\" src=\"http:\/\/www.juliettezara.net\/enfantissages\/wp-content\/img_4327.miniature.jpg\" alt=\"Lierre sur granit\" \/><\/a><br \/>\n<a href=\"http:\/\/www.juliettezara.net\/enfantissages\/wp-content\/img_4330.jpg\" title=\"{jeublog} Ressort vegetal\"><img decoding=\"async\" src=\"http:\/\/www.juliettezara.net\/enfantissages\/wp-content\/img_4330.miniature.jpg\" alt=\"Ressort vegetal\" \/><\/a><a href=\"http:\/\/www.juliettezara.net\/enfantissages\/wp-content\/img_4358.jpg' title=\"{jeublog} Plume dans la prairie\"><img decoding=\"async\" src=\"http:\/\/www.juliettezara.net\/enfantissages\/wp-content\/img_4358.miniature.jpg\" alt=\"Plume dans la prairie\" \/><\/a><br \/>\n<strong>Jeublog: Nu\u00e9e<\/strong><br \/>\n<a href=\"http:\/\/www.juliettezara.net\/enfantissages\/wp-content\/img_4416.jpg\" title=\"{jeublog} Nu\u00e9e,1-1\"><img decoding=\"async\" src=\"http:\/\/www.juliettezara.net\/enfantissages\/wp-content\/img_4416.miniature.jpg\" alt=\"Nu\u00e9e,1-1\" \/><\/a><a href=\"http:\/\/www.juliettezara.net\/enfantissages\/wp-content\/img_4423.jpg\" title=\"{jeublog} Nu\u00e9e,1-2\"><img decoding=\"async\" src=\"http:\/\/www.juliettezara.net\/enfantissages\/wp-content\/img_4423.miniature.jpg\" alt=\"Nu\u00e9e,1-2\" \/><\/a><a href=\"http:\/\/www.juliettezara.net\/enfantissages\/wp-content\/img_4718_2.jpg\" title=\"{jeublog} Nu\u00e9e,2-1\"><img decoding=\"async\" src=\"http:\/\/www.juliettezara.net\/enfantissages\/wp-content\/img_4718_2.miniature.jpg\" alt=\"Nu\u00e9e,2-1\" \/><\/a><a href=\"http:\/\/www.juliettezara.net\/enfantissages\/wp-content\/img_4717.jpg\" title=\"{jeublog} Nu\u00e9e,2-2\"><img decoding=\"async\" src=\"http:\/\/www.juliettezara.net\/enfantissages\/wp-content\/img_4717.miniature.jpg\" alt=\"Nu\u00e9e,2-2\" \/><\/a><br \/>\n<a href=\"http:\/\/www.juliettezara.net\/enfantissages\/wp-content\/img_4912.jpg\" title=\"{jeublog} Vagues de points\"><img decoding=\"async\" src=\"http:\/\/www.juliettezara.net\/enfantissages\/wp-content\/img_4912.miniature.jpg\" alt=\"Vagues de points\" \/><\/a><a href=\"http:\/\/www.juliettezara.net\/enfantissages\/wp-content\/img_4924.jpg\" title=\"{jeublog} Colima\u00e7on de points\"><img decoding=\"async\" src=\"http:\/\/www.juliettezara.net\/enfantissages\/wp-content\/img_4924.miniature.jpg\" alt=\"Colima\u00e7on de points\" \/><\/a><a href=\"http:\/\/www.juliettezara.net\/enfantissages\/wp-content\/img_4844.jpg\" title=\"{jeublog} Illusion d\u2019optique\"><img decoding=\"async\" src=\"http:\/\/www.juliettezara.net\/enfantissages\/wp-content\/img_4844.miniature.jpg\" alt=\"Illusion d\u2019optique\" \/><\/a><a href=\"http:\/\/www.juliettezara.net\/enfantissages\/wp-content\/img_4925.jpg\" title=\"{jeublog} Rouge et noir\"><img decoding=\"async\" src=\"http:\/\/www.juliettezara.net\/enfantissages\/wp-content\/img_4925.miniature.jpg\" alt=\"Rouge et noir\" \/><\/a><a href=\"http:\/\/www.juliettezara.net\/enfantissages\/wp-content\/img_4929.jpg\" title=\"{jeublog} Nu\u00e9e-4-1\"><img decoding=\"async\" src=\"http:\/\/www.juliettezara.net\/enfantissages\/wp-content\/img_4929.miniature.jpg\" alt=\"Nu\u00e9e-4-1\" \/><\/a><a href=\"http:\/\/www.juliettezara.net\/enfantissages\/wp-content\/img_4935.jpg\" title=\"{jeublog} Nu\u00e9e-4-2\"><img decoding=\"async\" src=\"http:\/\/www.juliettezara.net\/enfantissages\/wp-content\/img_4935.miniature.jpg\" alt=\"Nu\u00e9e-4-2\" \/><\/a><br \/>\n<strong>Jeublog: Dedans\/dehors<\/strong><br \/>\n<a href=\"http:\/\/www.juliettezara.net\/enfantissages\/wp-content\/img_3322.jpg\" title=\"{jeublog} Pieds en pyjama\"><img decoding=\"async\" src=\"http:\/\/www.juliettezara.net\/enfantissages\/wp-content\/img_3322.miniature.jpg\" alt=\"Pieds en pyjama\" \/><\/a><a href=\"http:\/\/www.juliettezara.net\/enfantissages\/wp-content\/img_4414.jpg\" title=\"{jeublog} Pieds et pommes de pin\"><img decoding=\"async\" src=\"http:\/\/www.juliettezara.net\/enfantissages\/wp-content\/img_4414.miniature.jpg\" alt=\"Pieds et pommes de pin\" \/><\/a><br \/>\n<a href=\"http:\/\/www.juliettezara.net\/enfantissages\/wp-content\/img_4947.jpg\" title=\"{jeublog} vitraux dedans\"><img decoding=\"async\" src=\"http:\/\/www.juliettezara.net\/enfantissages\/wp-content\/img_4947.miniature.jpg\" alt=\"vitraux dedans\" \/><\/a><a href=\"http:\/\/www.juliettezara.net\/enfantissages\/wp-content\/img_4945.jpg\" title=\"{jeublog} vitraux dehors\"><img decoding=\"async\" src=\"http:\/\/www.juliettezara.net\/enfantissages\/wp-content\/img_4945.miniature.jpg\" alt=\"vitraux dehors\" \/><\/a><a href=\"http:\/\/www.juliettezara.net\/enfantissages\/wp-content\/img_4788_2.jpg\" title=\"{jeublog} img_4788_2.jpg\"><img decoding=\"async\" src=\"http:\/\/www.juliettezara.net\/enfantissages\/wp-content\/img_4788_2.miniature.jpg\" alt=\"img_4788_2.jpg\" \/><\/a><a href=\"http:\/\/www.juliettezara.net\/enfantissages\/wp-content\/img_4796.jpg\" title=\"{jeublog} Portail int\u00e9rieur\"><img decoding=\"async\" src=\"http:\/\/www.juliettezara.net\/enfantissages\/wp-content\/img_4796.miniature.jpg\" alt=\"Portail int\u00e9rieur\" \/><\/a><a href=\"http:\/\/www.juliettezara.net\/enfantissages\/wp-content\/img_5248.jpg\" title=\"{jeublog} Dedans\"><img decoding=\"async\" src=\"http:\/\/www.juliettezara.net\/enfantissages\/wp-content\/img_5248.miniature.jpg\" alt=\"Dedans\" \/><\/a><a href=\"http:\/\/www.juliettezara.net\/enfantissages\/wp-content\/img_5247.jpg\" title=\"{jeublog} Dehors\"><img decoding=\"async\" src=\"http:\/\/www.juliettezara.net\/enfantissages\/wp-content\/img_5247.miniature.jpg\" alt=\"Dehors\" \/><\/a><br \/>\n<a href=\"http:\/\/www.juliettezara.net\/enfantissages\/wp-content\/img_4910.jpg\" title=\"{jeublog} Sur le quai du m\u00e9tro\"><img decoding=\"async\" src=\"http:\/\/www.juliettezara.net\/enfantissages\/wp-content\/img_4910.miniature.jpg\" alt=\"Sur le quai du m\u00e9tro\" \/><\/a><a href=\"http:\/\/www.juliettezara.net\/enfantissages\/wp-content\/img_4908.jpg\" title=\"{jeublog} Sous le m\u00e9tro a\u00e9rien\"><img decoding=\"async\" src=\"http:\/\/www.juliettezara.net\/enfantissages\/wp-content\/img_4908.miniature.jpg\" alt=\"Sous le m\u00e9tro a\u00e9rien\" \/><\/a><\/p>\n<p><strong>Selfportrait challenge: Bathroom<\/strong><br \/>\n<a href=\"http:\/\/www.juliettezara.net\/enfantissages\/wp-content\/img_4708.jpg\" title=\"{SPC} Le peignoir\"><img decoding=\"async\" src=\"http:\/\/www.juliettezara.net\/enfantissages\/wp-content\/img_4708.miniature.jpg\" alt=\"Le peignoir\" \/><\/a><a href=\"http:\/\/www.juliettezara.net\/enfantissages\/wp-content\/img_4710.jpg\" title=\"{SPC} Le rebord de la baignoire\"><img decoding=\"async\" src=\"http:\/\/www.juliettezara.net\/enfantissages\/wp-content\/img_4710.miniature.jpg\" alt=\"Le rebord de la baignoire\" \/><\/a><a href=\"http:\/\/www.juliettezara.net\/enfantissages\/wp-content\/img_4712.jpg\" title=\"{SPC} Reflexion sur robinet\"><img decoding=\"async\" src=\"http:\/\/www.juliettezara.net\/enfantissages\/wp-content\/img_4712.miniature.jpg\" alt=\"Reflexion sur robinet\" \/><\/a><a href=\"http:\/\/www.juliettezara.net\/enfantissages\/wp-content\/img_4713.jpg\" title=\"{SPC} Pied de baignoire\"><img decoding=\"async\" src=\"http:\/\/www.juliettezara.net\/enfantissages\/wp-content\/img_4713.miniature.jpg\" alt=\"Pied de baignoire\" \/><\/a><a href=\"http:\/\/www.juliettezara.net\/enfantissages\/wp-content\/img_4802.jpg\" title=\"{SPC} Intimit\u00e9\"><img decoding=\"async\" src=\"http:\/\/www.juliettezara.net\/enfantissages\/wp-content\/img_4802.miniature.jpg\" alt=\"Intimit\u00e9\" \/><\/a><a href=\"http:\/\/www.juliettezara.net\/enfantissages\/wp-content\/img_5064.jpg\" title=\"{SPC} Dans la baignoire-1\"><img decoding=\"async\" src=\"http:\/\/www.juliettezara.net\/enfantissages\/wp-content\/img_5064.miniature.jpg\" alt=\"Dans la baignoire-1\" \/><\/a><a href=\"http:\/\/www.juliettezara.net\/enfantissages\/wp-content\/img_5066.jpg\" title=\"{SPC} Dans la baignoire-2\"><img decoding=\"async\" src=\"http:\/\/www.juliettezara.net\/enfantissages\/wp-content\/img_5066.miniature.jpg\" alt=\"Dans la baignoire-2\" \/><\/a><a href=\"http:\/\/www.juliettezara.net\/enfantissages\/wp-content\/img_5067.jpg\" title=\"{SPC} Dans la baignoire-3\"><img decoding=\"async\" src=\"http:\/\/www.juliettezara.net\/enfantissages\/wp-content\/img_5067.miniature.jpg\" alt=\"Dans la baignoire-3\" \/><\/a><br \/>\n<strong>Selfportrait challenge: Food and me<\/strong><br \/>\n<a href=\"http:\/\/www.juliettezara.net\/enfantissages\/wp-content\/img_5092.jpg\" title=\"{SPC} Rouge pomme\"><img decoding=\"async\" src=\"http:\/\/www.juliettezara.net\/enfantissages\/wp-content\/img_5092.miniature.jpg\" alt=\"Rouge pomme\" \/><\/a><\/p>\n","protected":false},"excerpt":{"rendered":"<p>Allez faire un tour sur mon photoblog &#8230;Comme une image ou dans ma galerie Flickr. Les nouvelles photos y seront d\u00e9sormais archiv\u00e9es. Les commentaires sont les bienvenus. Les encouragements, \u00e7a fait du bien et les critiques constructives, \u00e7a aide \u00e0 &hellip; <a href=\"https:\/\/www.juliettezara.net\/enfantissages\/index.php\/photos\/\">Continuer la lecture <span class=\"meta-nav\">&rarr;<\/span><\/a><\/p>\n","protected":false},"author":1,"featured_media":0,"parent":0,"menu_order":0,"comment_status":"open","ping_status":"open","template":"","meta":[],"_links":{"self":[{"href":"https:\/\/www.juliettezara.net\/enfantissages\/index.php\/wp-json\/wp\/v2\/pages\/17"}],"collection":[{"href":"https:\/\/www.juliettezara.net\/enfantissages\/index.php\/wp-json\/wp\/v2\/pages"}],"about":[{"href":"https:\/\/www.juliettezara.net\/enfantissages\/index.php\/wp-json\/wp\/v2\/types\/page"}],"author":[{"embeddable":true,"href":"https:\/\/www.juliettezara.net\/enfantissages\/index.php\/wp-json\/wp\/v2\/users\/1"}],"replies":[{"embeddable":true,"href":"https:\/\/www.juliettezara.net\/enfantissages\/index.php\/wp-json\/wp\/v2\/comments?post=17"}],"version-history":[{"count":0,"href":"https:\/\/www.juliettezara.net\/enfantissages\/index.php\/wp-json\/wp\/v2\/pages\/17\/revisions"}],"wp:attachment":[{"href":"https:\/\/www.juliettezara.net\/enfantissages\/index.php\/wp-json\/wp\/v2\/media?parent=17"}],"curies":[{"name":"wp","href":"https:\/\/api.w.org\/{rel}","templated":true}]}}